{"id":3,"date":"2020-05-30T09:31:52","date_gmt":"2020-05-30T09:31:52","guid":{"rendered":"https:\/\/www.trivelsondaggi.it\/?page_id=3"},"modified":"2021-09-20T08:22:14","modified_gmt":"2021-09-20T08:22:14","slug":"privacy-policy","status":"publish","type":"page","link":"https:\/\/www.trivelsondaggi.it\/index.php\/privacy-policy\/","title":{"rendered":"Privacy Policy"},"content":{"rendered":"\n<h4 class=\"wp-block-heading\">Privacy Policy \u2013 Informativa sul trattamento dei dati personali ai sensi dell\u2019art.13 del Regolamento UE 2016\/679<\/h4>\n\n\n\n<h4 class=\"wp-block-heading\">Premessa<\/h4>\n\n\n\n<p>La Trivel Sondaggi Srl con sede in Area P.I.P. Lotto n.37 snc, 80020 Crispano (NA), Partita IVA 01493781213, Codice Fiscale 06068550638, in qualit\u00e0 di Titolare del trattamento (di seguito \u201cTitolare\u201d), ai sensi del Regolamento UE 2016\/679 (di seguito \u201cRegolamento\u201d), considera la privacy e la tutela dei dati personali un pilastro fondamentale nella propria attivit\u00e0.<\/p>\n\n\n\n<p>La invitiamo, dunque, prima di comunicare qualsiasi dato personale al Titolare, a leggere con attenzione la presente Privacy Policy perch\u00e9 contiene informazioni importanti in merito alla tutela dei Suoi dati personali.<\/p>\n\n\n\n<p>La presente Privacy Policy:<\/p>\n\n\n\n<ul class=\"wp-block-list\"><li>si intende resa per il sito https:\/\/www.trivelsondaggi.it\/ (d\u2019ora in avanti: \u201cSito\u201d);<\/li><li>costituisce parte integrante del Sito e dei servizi che offriamo;<\/li><li>\u00e8 resa, ai sensi dell\u2019art.13 del Regolamento, a coloro che interagiscono con i servizi web del Sito, sia mediante la semplice consultazione che mediante l\u2019utilizzo di specifici servizi messi a disposizione tramite il Sito.<\/li><\/ul>\n\n\n\n<p>Questo documento \u00e8 stato redatto ai sensi dell\u2019art.13 del Regolamento al fine di permetterle di conoscere la nostra politica sulla privacy, per capire come le sue informazioni personali vengono gestite quando utilizza il nostro sito e, se del caso, di prestare un consenso al trattamento dei Vostri dati personali espresso e consapevole. Le informazioni ed i dati da lei forniti od altrimenti acquisiti nell\u2019ambito dell\u2019utilizzo dei servizi di Trivel Sondaggi Srl, come ad esempio la consulenza, servizi tecnici o l\u2019organizzazione di eventi (di seguito \u201cServizi\u201d), saranno oggetto di trattamento nel rispetto delle disposizioni del Regolamento e degli obblighi di riservatezza che ispirano l\u2019attivit\u00e0 della nostra azienda.<\/p>\n\n\n\n<p>Secondo le norme del Regolamento, i trattamenti effettuati saranno improntati ai principi di liceit\u00e0, correttezza, trasparenza, limitazione delle finalit\u00e0 e della conservazione, minimizzazione dei dati, esattezza, integrit\u00e0 e riservatezza.<\/p>\n\n\n\n<h4 class=\"wp-block-heading\">Titolare del trattamento<\/h4>\n\n\n\n<p>Il Titolare del trattamento \u00e8 la Trivel Sondaggi Srl con sede in Area P.I.P. Lotto n.37 snc, 80020 Crispano (NA), Partita IVA 01493781213, Codice Fiscale 06068550638, raggiungibile all\u2019indirizzo mail:<br><a href=\"mailto:info@trivelsondaggi.it\">info@trivelsondaggi.it<\/a><\/p>\n\n\n\n<h4 class=\"wp-block-heading\">Tipologia di dati trattati<\/h4>\n\n\n\n<p>A seguito della navigazione del Sito, La informiamo che Trivel Sondaggi Srl tratter\u00e0 i Suoi dati personali che potranno essere costituiti da: un identificativo come il nome, un numero di identificazione, un identificativo online o uno o pi\u00f9 elementi caratteristici della Sua identit\u00e0 fisica, economica, culturale o sociale idonea a rendere il soggetto interessato identificato o identificabile (di seguito solo \u201cDati&nbsp;Personali\u201d).<\/p>\n\n\n\n<p>I Dati Personali trattati attraverso il Sito sono i seguenti:<\/p>\n\n\n\n<p>Dati di contatto quali nome, cognome, e-mail e telefono.<\/p>\n\n\n\n<p>Potrebbero essere trattati dati particolari da lei liberamente forniti in una mail di richiesta informazioni.<\/p>\n\n\n\n<p><strong>a. Dati di navigazione<\/strong><\/p>\n\n\n\n<p>I sistemi informatici e le procedure software preposte al funzionamento del Sito acquisiscono, nel corso del loro normale esercizio, alcuni Dati Personali la cui trasmissione \u00e8 implicita nell\u2019uso dei protocolli di comunicazione di Internet. Si tratta di informazioni che non sono raccolte per essere associate a interessati identificati, ma che per loro stessa natura potrebbero, attraverso elaborazioni ed associazioni con dati detenuti da terzi, permettere di identificare gli utenti. In questa categoria di dati rientrano gli indirizzi IP o i nomi a dominio dei computer utilizzati dagli utenti che si connettono al Sito, gli indirizzi in notazione URI (Uniform Resource Identifier) delle risorse richieste, l\u2019orario della richiesta, il metodo utilizzato nel sottoporre la richiesta al server, la dimensione del file ottenuto in risposta, il codice numerico indicante lo stato della risposta data dal server (buon fine, errore, etc.) ed altri parametri relativi al sistema operativo e all\u2019ambiente informatico dell\u2019utente. Questi dati vengono utilizzati al solo fine di ricavare informazioni statistiche anonime sull\u2019uso del Sito e per controllarne il corretto funzionamento,&nbsp;per identificare anomalie e\/o abusi,&nbsp;e vengono cancellati immediatamente dopo l\u2019elaborazione. I dati potrebbero essere utilizzati per l\u2019accertamento di responsabilit\u00e0 in caso di ipotetici reati informatici ai danni del sito o di terzi: salva questa eventualit\u00e0, allo stato, i dati sui contatti web non persistono per pi\u00f9 di sette giorni.<\/p>\n\n\n\n<p><strong>b. Speciali categorie di dati personali<\/strong><\/p>\n\n\n\n<p>Nell\u2019invio di richieste di consulenza o informazioni mezzo mail, potrebbe verificarsi un conferimento di suoi Dati Personali rientranti nel novero delle speciali categorie di Dati Personali di cui all\u2019art. 9 del Regolamento, testualmente i \u201c[\u2026] dati idonei a rivelare l\u2019origine razziale o etnica, le opinioni politiche, le convinzioni religiose o filosofiche, o l\u2019appartenenza sindacale, nonch\u00e9 trattare dati genetici, dati biometrici intesi a identificare in modo univoco una persona fisica, dati relativi alla salute o alla vita sessuale o all\u2019orientamento sessuale della persona\u201d. La invitiamo a comunicare tali dati solo ove strettamente necessario. Invero, Le ricordiamo che a fronte della trasmissione di speciali categorie di Dati Personali, ma in assenza di specifica manifestazione del consenso a trattare tali dati (eventualit\u00e0 che comunque le consente ovviamente di inviare un curriculum vitae), la Trivel Sondaggi Srl non potr\u00e0 essere ritenuta responsabile a nessun titolo, n\u00e9 potr\u00e0 ricevere contestazioni di sorta, poich\u00e9 in tal caso il trattamento sar\u00e0 consentito in quanto avente ad oggetto dati resi manifestamente pubblici dall\u2019interessato, in conformit\u00e0 con l\u2019art. 9(2)(e) del Regolamento. Specifichiamo comunque l\u2019importanza, come sopra gi\u00e0 segnalato \u2013 di manifestare l\u2019esplicito consenso al trattamento delle speciali categorie di Dati Personali, laddove decidesse di condividere tali informazioni.<\/p>\n\n\n\n<p><strong>c. Dati forniti volontariamente dall\u2019interessato<\/strong><\/p>\n\n\n\n<p>Nell\u2019utilizzo di alcuni Servizi del Sito potrebbe verificarsi un trattamento di Dati Personali di terzi soggetti da Lei inviati a Trivel Sondaggi Srl. Rispetto a tali ipotesi, Lei si pone come autonomo titolare del trattamento, assumendosi tutti gli obblighi e le responsabilit\u00e0 di legge. In tal senso, conferisce sul punto la pi\u00f9 ampia manleva rispetto ad ogni contestazione, pretesa, richiesta di risarcimento del danno da trattamento, ecc. che dovesse pervenire a Trivel Sondaggi Srl da terzi soggetti i cui Dati Personali siano stati trattati attraverso il Suo utilizzo delle funzioni del Sito in violazione delle norme sulla tutela dei dati personali applicabili. In ogni caso, qualora fornisse o in altro modo trattasse Dati Personali di terzi nell\u2019utilizzo del Sito, garantisce fin da ora \u2013 assumendosene ogni connessa responsabilit\u00e0 \u2013 che tale particolare ipotesi di trattamento si fonda su un\u2019idonea base giuridica ai sensi dell\u2019art. 6 del Regolamento che legittima il trattamento delle informazioni in questione.<\/p>\n\n\n\n<h4 class=\"wp-block-heading\">Finalit\u00e0 del trattamento<\/h4>\n\n\n\n<p>I dati personali saranno trattati, dietro specifico consenso dell\u2019interessato, per le seguenti finalit\u00e0:<\/p>\n\n\n\n<ul class=\"wp-block-list\"><li>Consentire l\u2019erogazione dei servizi richiesti quali:<ul><li>Richiesta generica di informazioni (incluse eventuali offerte);<\/li><\/ul><ul><li>Iscrizione a eventi ed iniziative organizzate da Trivel Sondaggi Srl;<\/li><\/ul><ul><li>Richieste di servizi tecnici e\/o consulenza;<\/li><\/ul><ul><li>Assolvere eventuali obblighi di legge, contabili e fiscali.<\/li><\/ul><\/li><\/ul>\n\n\n\n<h4 class=\"wp-block-heading\">Base giuridica e natura obbligatoria o facoltativa del trattamento<\/h4>\n\n\n\n<p>La base legale del trattamento di Dati Personali per le finalit\u00e0 di cui ai punti a), b), c) \u00e8 l\u2019art. 6(1)(b) del Regolamento in quanto i trattamenti sono necessari all\u2019erogazione dei Servizi o per il riscontro di richieste dell\u2019interessato. Il conferimento dei Dati Personali per queste finalit\u00e0 \u00e8 facoltativo ma l\u2019eventuale mancato conferimento comporterebbe l\u2019impossibilit\u00e0 di attivare i Servizi forniti dal Sito. &nbsp;La finalit\u00e0 di cui al punto d), rappresenta un trattamento legittimo di Dati Personali ai sensi dell\u2019art. 6(1)(c) del Regolamento. Una volta conferiti i Dati Personali, il trattamento \u00e8 invero necessario per adempiere ad un obbligo di legge a cui la Trivel Sondaggi Srl \u00e8 soggetta.<\/p>\n\n\n\n<p>Per i trattamenti effettuati ai fini di invio diretto di proprio materiale pubblicitario o di propria vendita diretta o per il compimento di proprie ricerche di mercato o di comunicazioni commerciali in relazione a prodotti o servizi di Trivel Sondaggi Srl analoghi a quelli da Lei richiesti, Trivel Sondaggi Srl&nbsp; pu\u00f2 utilizzare, senza il Suo consenso, gli indirizzi di posta elettronica e di posta cartacea ai sensi e nei limiti consentiti dal provvedimento dell\u2019Autorit\u00e0 Garante per la protezione dei dati personali del 19 giugno 2008; la base giuridica del trattamento dei Suoi dati per tale finalit\u00e0 \u00e8 l\u2019art. 6(1)(f) del Regolamento in quanto il trattamento \u00e8 necessario per il perseguimento del legittimo interesse del Titolare.<\/p>\n\n\n\n<p>In ogni caso, ai sensi dell\u2019art. 21 del Regolamento, Lei ha la possibilit\u00e0 di opporsi a tale trattamento in ogni momento, inizialmente o in occasione di successive comunicazioni, in maniera agevole e gratuitamente anche scrivendo al Titolare ai recapiti sopra indicati, nonch\u00e9 di ottenere un immediato riscontro che confermi l\u2019interruzione di tale trattamento (art. 15 del Regolamento).<\/p>\n\n\n\n<h4 class=\"wp-block-heading\">Destinatari dei dati personali<\/h4>\n\n\n\n<p>Esclusivamente per le finalit\u00e0 sopra indicate, i dati saranno resi disponibili, oltre che al personale interno autorizzato, anche a collaboratori esterni incaricati del loro trattamento il cui elenco \u00e8 disponibile presso la sede del Titolare.<\/p>\n\n\n\n<p>I dati personali non verranno diffusi, con tale termine intendendosi il darne conoscenza a soggetti indeterminati in qualunque modo, anche mediante la loro messa a disposizione o consultazione.<\/p>\n\n\n\n<h4 class=\"wp-block-heading\">Criteri di Conservazione dei dati<\/h4>\n\n\n\n<p>I dati saranno conservati da Trivel Sondaggi Srl per tutto il periodo necessario all\u2019erogazione dei servizi richiesti, per i tempi successivi necessari a adempiere alle norme di legge, nonch\u00e9 per i tempi necessari per permettere un\u2019eventuale difesa e tutela in giudizio.<\/p>\n\n\n\n<h4 class=\"wp-block-heading\">Trasferimento dei dati in Paesi Extra UE<\/h4>\n\n\n\n<p>Non \u00e8 previsto il trasferimento dei dati in Paesi terzi al di fuori della comunit\u00e0 europea.<\/p>\n\n\n\n<h4 class=\"wp-block-heading\">Processi automatizzati di profilazione<\/h4>\n\n\n\n<p>I dati conferiti non sono oggetto di processi decisionali automatizzati.<\/p>\n\n\n\n<h4 class=\"wp-block-heading\">Diritti degli interessati<\/h4>\n\n\n\n<p>L\u2019interessato ha diritto ad esercitare i propri diritti secondo quanto previsto dagli artt.15-22 del Reg. UE 2016\/679. Pertanto, i soggetti cui si riferiscono i dati personali hanno il diritto in qualunque momento di ottenere la conferma dell&#8217;esistenza o meno dei medesimi dati e di conoscerne il contenuto e l&#8217;origine, verificarne l&#8217;esattezza o chiederne l&#8217;integrazione o l&#8217;aggiornamento, oppure la rettificazione, la cancellazione, la portabilit\u00e0, la trasformazione in forma anonima o il blocco in violazione di legge, nonch\u00e9 di opporsi in ogni caso, per motivi legittimi, al loro trattamento.<\/p>\n\n\n\n<p>Le richieste vanno rivolte al Titolare del trattamento dei dati:<\/p>\n\n\n\n<ul class=\"wp-block-list\"><li>via e-mail all&#8217;indirizzo: <a href=\"mailto:info@trivelsondaggi.it\">info@trivelsondaggi.it<\/a>;<\/li><li>via posta a Trivel Sondaggi Srl, 80020 Crispano (NA) \u2013 Area P.I.P. Lotto n.37 snc.<\/li><\/ul>\n\n\n\n<p>I diritti degli interessati, inoltre, sono tutelati ai sensi dell\u2019art.77 del Regolamento dall\u2019Autorit\u00e0 di Controllo a cui \u00e8 possibile, in caso di necessit\u00e0, proporre reclamo (Garante per la protezione dei dati personali Piazza Venezia n.11 &#8211; 00187 ROMA Centralino telefonico: (+39) 06.696771 E-mail: <a href=\"mailto:protocollo@gpdp.it\">protocollo@gpdp.it<\/a> Posta certificata: <a href=\"mailto:protocollo@pec.gpdp.it\">protocollo@pec.gpdp.it<\/a>) o di adire le opportune sedi giudiziarie ai sensi dell\u2019art.79 del Regolamento.<\/p>\n\n\n\n<h4 class=\"wp-block-heading\">Aggiornamento della Privacy Policy<\/h4>\n\n\n\n<p>La presente privacy policy \u00e8 in vigore dal 16 settembre 2021. Trivel Sondaggi Srl si riserva di modificarne o semplicemente aggiornarne il contenuto, in parte o completamente, anche a causa di variazioni della normativa applicabile. La Trivel Sondaggi Srl la informer\u00e0 di tali variazioni non appena verranno introdotte ed esse saranno vincolanti non appena pubblicate sul Sito. La Trivel Sondaggi Srl la invita quindi a visitare con regolarit\u00e0 questa sezione per prendere cognizione della pi\u00f9 recente ed aggiornata versione della privacy policy in modo da essere sempre aggiornato sui dati raccolti e sull\u2019uso che ne fa la Trivel Sondaggi Srl.<\/p>\n","protected":false},"excerpt":{"rendered":"<p>Privacy Policy \u2013 Informativa sul trattamento dei dati personali ai sensi dell\u2019art.13 del Regolamento UE 2016\/679 Premessa La Trivel Sondaggi Srl con sede in Area P.I.P. Lotto n.37 snc, 80020 Crispano (NA), Partita IVA 01493781213, Codice Fiscale 06068550638, in qualit\u00e0 di Titolare del trattamento (di seguito \u201cTitolare\u201d), ai sensi del Regolamento UE 2016\/679 (di seguito [&hellip;]<\/p>\n","protected":false},"author":1,"featured_media":0,"parent":0,"menu_order":0,"comment_status":"closed","ping_status":"closed","template":"","meta":{"footnotes":""},"class_list":["post-3","page","type-page","status-publish","hentry"],"_links":{"self":[{"href":"https:\/\/www.trivelsondaggi.it\/index.php\/wp-json\/wp\/v2\/pages\/3","targetHints":{"allow":["GET"]}}],"collection":[{"href":"https:\/\/www.trivelsondaggi.it\/index.php\/wp-json\/wp\/v2\/pages"}],"about":[{"href":"https:\/\/www.trivelsondaggi.it\/index.php\/wp-json\/wp\/v2\/types\/page"}],"author":[{"embeddable":true,"href":"https:\/\/www.trivelsondaggi.it\/index.php\/wp-json\/wp\/v2\/users\/1"}],"replies":[{"embeddable":true,"href":"https:\/\/www.trivelsondaggi.it\/index.php\/wp-json\/wp\/v2\/comments?post=3"}],"version-history":[{"count":6,"href":"https:\/\/www.trivelsondaggi.it\/index.php\/wp-json\/wp\/v2\/pages\/3\/revisions"}],"predecessor-version":[{"id":309,"href":"https:\/\/www.trivelsondaggi.it\/index.php\/wp-json\/wp\/v2\/pages\/3\/revisions\/309"}],"wp:attachment":[{"href":"https:\/\/www.trivelsondaggi.it\/index.php\/wp-json\/wp\/v2\/media?parent=3"}],"curies":[{"name":"wp","href":"https:\/\/api.w.org\/{rel}","templated":true}]}}